{"id":694,"date":"2026-02-28T06:02:09","date_gmt":"2026-02-28T06:02:09","guid":{"rendered":"https:\/\/stategroupintl.com\/?post_type=product&#038;p=694"},"modified":"2026-02-28T06:02:09","modified_gmt":"2026-02-28T06:02:09","slug":"bicycle-20-tn24r67","status":"publish","type":"product","link":"https:\/\/stategroupintl.com\/index.php\/product\/bicycle-20-tn24r67\/","title":{"rendered":"Bicycle 20\u2019\u2019 TN24R67"},"content":{"rendered":"<p><strong>Frame &amp; Stem:<\/strong><br \/>\nFrame Steel, 20\u2033, Front TIG welding, Rear CO2 welding<br \/>\nFront fork Steel<br \/>\nStem 28.6 \u00d7 31.8 \u00d7 E75 \u00d7 H37 \u00d7 7\u00b0<\/p>\n<p><strong>Brake System:<\/strong><br \/>\nBrake lever \u03a622.2MM, 4 finger, with adjust screw<\/p>\n<p><strong>Drive System:<\/strong><br \/>\nChainwheel \/ Crank Cotterless, 1\/8\u2033 \u00d7 36T \u00d7 152L, 9\/16\u2033<br \/>\nBB set Length 118L, thread match the 68L BB<br \/>\nFlywheel 1\/2\u2033 \u00d7 1\/8\u2033 \u00d7 18T, one speed, full ball<br \/>\nPedal 9\/16\u2033 without ball, reflector with Emark certificate<\/p>\n<p><strong>Wheels &amp; Tires:<\/strong><br \/>\nRim 20\u2033 \u00d7 1.75 \u00d7 14G \u00d7 28H, H:23MM W\/24, A\/V<br \/>\nTire Compass brand, P1197(A), 20\u2033 \u00d7 1.95 ALL BLACK<br \/>\nInner tube W\/O<\/p>\n","protected":false},"excerpt":{"rendered":"<p>Frame &amp; Stem: Frame Steel, 20\u2033, Front TIG welding, Rear CO2 welding Front fork Steel Stem 28.6 \u00d7 31.8 \u00d7 E75 \u00d7 H37 \u00d7 7\u00b0 Brake System: Brake lever \u03a622.2MM, 4 finger, with adjust screw Drive System: Chainwheel \/ Crank Cotterless, 1\/8\u2033 \u00d7 36T \u00d7 152L, 9\/16\u2033 BB set Length 118L, thread match the 68L [&hellip;]<\/p>\n","protected":false},"featured_media":695,"template":"","meta":[],"product_brand":[],"product_cat":[70],"product_tag":[],"class_list":{"0":"post-694","1":"product","2":"type-product","3":"status-publish","4":"has-post-thumbnail","6":"product_cat-bicycle","8":"first","9":"instock","10":"shipping-taxable","11":"product-type-simple"},"jetpack_sharing_enabled":true,"_links":{"self":[{"href":"https:\/\/stategroupintl.com\/index.php\/wp-json\/wp\/v2\/product\/694","targetHints":{"allow":["GET"]}}],"collection":[{"href":"https:\/\/stategroupintl.com\/index.php\/wp-json\/wp\/v2\/product"}],"about":[{"href":"https:\/\/stategroupintl.com\/index.php\/wp-json\/wp\/v2\/types\/product"}],"version-history":[{"count":1,"href":"https:\/\/stategroupintl.com\/index.php\/wp-json\/wp\/v2\/product\/694\/revisions"}],"predecessor-version":[{"id":696,"href":"https:\/\/stategroupintl.com\/index.php\/wp-json\/wp\/v2\/product\/694\/revisions\/696"}],"wp:featuredmedia":[{"embeddable":true,"href":"https:\/\/stategroupintl.com\/index.php\/wp-json\/wp\/v2\/media\/695"}],"wp:attachment":[{"href":"https:\/\/stategroupintl.com\/index.php\/wp-json\/wp\/v2\/media?parent=694"}],"wp:term":[{"taxonomy":"product_brand","embeddable":true,"href":"https:\/\/stategroupintl.com\/index.php\/wp-json\/wp\/v2\/product_brand?post=694"},{"taxonomy":"product_cat","embeddable":true,"href":"https:\/\/stategroupintl.com\/index.php\/wp-json\/wp\/v2\/product_cat?post=694"},{"taxonomy":"product_tag","embeddable":true,"href":"https:\/\/stategroupintl.com\/index.php\/wp-json\/wp\/v2\/product_tag?post=694"}],"curies":[{"name":"wp","href":"https:\/\/api.w.org\/{rel}","templated":true}]}}