{"id":688,"date":"2026-02-28T05:53:44","date_gmt":"2026-02-28T05:53:44","guid":{"rendered":"https:\/\/stategroupintl.com\/?post_type=product&#038;p=688"},"modified":"2026-02-28T05:53:44","modified_gmt":"2026-02-28T05:53:44","slug":"bicycle-16-tnb04","status":"publish","type":"product","link":"https:\/\/stategroupintl.com\/index.php\/product\/bicycle-16-tnb04\/","title":{"rendered":"Bicycle 16\u2019\u2019 TNB04"},"content":{"rendered":"<p><strong>Frame &amp; Stem:<\/strong><br \/>\nFrame Steel, 16\u2033, Disc brake internal cable routing, Front TIG welding, Rear CO2 welding<br \/>\nFront fork Steel<br \/>\nStem 28.6 \u00d7 31.8 \u00d7 E53 \u00d7 H37 \u00d7 7\u00b0<\/p>\n<p><strong>Brake System:<\/strong><br \/>\nBrake lever Plastic, \u03a622.2mm, 2.5 finger, with adjust screw<\/p>\n<p><strong>Drive System:<\/strong><br \/>\nChainwheel \/ Crank 1\/2 \u00d7 1\/8 \u00d7 28T \u00d7 102L, cotterless, 9\/16\u2033 Internal thread<br \/>\nBB set Sealed BB with bearing length 113L, thread match the 68L BB<br \/>\nFlywheel 1\/2\u2033 \u00d7 1\/8\u2033 \u00d7 16T, one speed, full ball<br \/>\nPedal 9\/16\u2033 without ball, reflector with Emark certificate<\/p>\n<p><strong>Wheels &amp; Tires:<\/strong><br \/>\nRim 14G \u00d7 28H, A\/V, 230g<br \/>\nTire ZT-0213 16\u2033 \u00d7 2.35<br \/>\nInner tube 16\u2033 \u00d7 2.125, A\/V<\/p>\n","protected":false},"excerpt":{"rendered":"<p>Frame &amp; Stem: Frame Steel, 16\u2033, Disc brake internal cable routing, Front TIG welding, Rear CO2 welding Front fork Steel Stem 28.6 \u00d7 31.8 \u00d7 E53 \u00d7 H37 \u00d7 7\u00b0 Brake System: Brake lever Plastic, \u03a622.2mm, 2.5 finger, with adjust screw Drive System: Chainwheel \/ Crank 1\/2 \u00d7 1\/8 \u00d7 28T \u00d7 102L, cotterless, 9\/16\u2033 [&hellip;]<\/p>\n","protected":false},"featured_media":689,"template":"","meta":[],"product_brand":[],"product_cat":[70],"product_tag":[],"class_list":{"0":"post-688","1":"product","2":"type-product","3":"status-publish","4":"has-post-thumbnail","6":"product_cat-bicycle","8":"first","9":"instock","10":"shipping-taxable","11":"product-type-simple"},"jetpack_sharing_enabled":true,"_links":{"self":[{"href":"https:\/\/stategroupintl.com\/index.php\/wp-json\/wp\/v2\/product\/688","targetHints":{"allow":["GET"]}}],"collection":[{"href":"https:\/\/stategroupintl.com\/index.php\/wp-json\/wp\/v2\/product"}],"about":[{"href":"https:\/\/stategroupintl.com\/index.php\/wp-json\/wp\/v2\/types\/product"}],"version-history":[{"count":1,"href":"https:\/\/stategroupintl.com\/index.php\/wp-json\/wp\/v2\/product\/688\/revisions"}],"predecessor-version":[{"id":690,"href":"https:\/\/stategroupintl.com\/index.php\/wp-json\/wp\/v2\/product\/688\/revisions\/690"}],"wp:featuredmedia":[{"embeddable":true,"href":"https:\/\/stategroupintl.com\/index.php\/wp-json\/wp\/v2\/media\/689"}],"wp:attachment":[{"href":"https:\/\/stategroupintl.com\/index.php\/wp-json\/wp\/v2\/media?parent=688"}],"wp:term":[{"taxonomy":"product_brand","embeddable":true,"href":"https:\/\/stategroupintl.com\/index.php\/wp-json\/wp\/v2\/product_brand?post=688"},{"taxonomy":"product_cat","embeddable":true,"href":"https:\/\/stategroupintl.com\/index.php\/wp-json\/wp\/v2\/product_cat?post=688"},{"taxonomy":"product_tag","embeddable":true,"href":"https:\/\/stategroupintl.com\/index.php\/wp-json\/wp\/v2\/product_tag?post=688"}],"curies":[{"name":"wp","href":"https:\/\/api.w.org\/{rel}","templated":true}]}}