{"id":675,"date":"2026-02-28T05:33:49","date_gmt":"2026-02-28T05:33:49","guid":{"rendered":"https:\/\/stategroupintl.com\/?post_type=product&#038;p=675"},"modified":"2026-02-28T05:33:49","modified_gmt":"2026-02-28T05:33:49","slug":"bicycle-12-tnb04","status":"publish","type":"product","link":"https:\/\/stategroupintl.com\/index.php\/product\/bicycle-12-tnb04\/","title":{"rendered":"Bicycle 12\u2019\u2019 TNB04"},"content":{"rendered":"<p><strong>Frame &amp; Stem:<\/strong><br \/>\nFrame Steel, 12\u2033, Front TIG welding, Rear CO2 welding<br \/>\nFront fork Steel<br \/>\nStem 28.6 \u00d7 31.8 \u00d7 E53 \u00d7 H37 \u00d7 7\u00b0<\/p>\n<p><strong>Brake System:<\/strong><br \/>\nBrake lever Plastic, \u03a622.2mm, 2.5 finger, with adjust screw<br \/>\nFront brake 81#, axis core M6\u00d750mm, arm 3.0mm, black brake pads<br \/>\nRear brake 81#, axis core M6\u00d750mm, arm 3.0mm, black brake pads<br \/>\nBrake cable F:380\/530mm, R:800\/950mm, alloy tail cap, good quality wire and cable<\/p>\n<p><strong>Drive System:<\/strong><br \/>\nChainwheel \/ Crank 1\/2 \u00d7 1\/8 \u00d7 24T \u00d7 89L, cotterless, 9\/16\u2033 Internal thread<br \/>\nBB set Sealed BB with bearing length 113L, thread match the 68L BB<br \/>\nFlywheel 1\/2\u2033 \u00d7 1\/8\u2033 \u00d7 16T, one speed, full ball<br \/>\nPedal 9\/16\u2033 without ball, reflector with Emark certificate<\/p>\n<p><strong>Wheels &amp; Tires:<\/strong><br \/>\nTire ZT-0213 12\u2033 \u00d7 2.35<br \/>\nInner tube 12\u2033 \u00d7 2.125, A\/V<br \/>\nTraining wheel Training wheel<\/p>\n","protected":false},"excerpt":{"rendered":"<p>Frame &amp; Stem: Frame Steel, 12\u2033, Front TIG welding, Rear CO2 welding Front fork Steel Stem 28.6 \u00d7 31.8 \u00d7 E53 \u00d7 H37 \u00d7 7\u00b0 Brake System: Brake lever Plastic, \u03a622.2mm, 2.5 finger, with adjust screw Front brake 81#, axis core M6\u00d750mm, arm 3.0mm, black brake pads Rear brake 81#, axis core M6\u00d750mm, arm 3.0mm, [&hellip;]<\/p>\n","protected":false},"featured_media":676,"template":"","meta":[],"product_brand":[],"product_cat":[70],"product_tag":[],"class_list":{"0":"post-675","1":"product","2":"type-product","3":"status-publish","4":"has-post-thumbnail","6":"product_cat-bicycle","8":"first","9":"instock","10":"shipping-taxable","11":"product-type-simple"},"jetpack_sharing_enabled":true,"_links":{"self":[{"href":"https:\/\/stategroupintl.com\/index.php\/wp-json\/wp\/v2\/product\/675","targetHints":{"allow":["GET"]}}],"collection":[{"href":"https:\/\/stategroupintl.com\/index.php\/wp-json\/wp\/v2\/product"}],"about":[{"href":"https:\/\/stategroupintl.com\/index.php\/wp-json\/wp\/v2\/types\/product"}],"version-history":[{"count":1,"href":"https:\/\/stategroupintl.com\/index.php\/wp-json\/wp\/v2\/product\/675\/revisions"}],"predecessor-version":[{"id":677,"href":"https:\/\/stategroupintl.com\/index.php\/wp-json\/wp\/v2\/product\/675\/revisions\/677"}],"wp:featuredmedia":[{"embeddable":true,"href":"https:\/\/stategroupintl.com\/index.php\/wp-json\/wp\/v2\/media\/676"}],"wp:attachment":[{"href":"https:\/\/stategroupintl.com\/index.php\/wp-json\/wp\/v2\/media?parent=675"}],"wp:term":[{"taxonomy":"product_brand","embeddable":true,"href":"https:\/\/stategroupintl.com\/index.php\/wp-json\/wp\/v2\/product_brand?post=675"},{"taxonomy":"product_cat","embeddable":true,"href":"https:\/\/stategroupintl.com\/index.php\/wp-json\/wp\/v2\/product_cat?post=675"},{"taxonomy":"product_tag","embeddable":true,"href":"https:\/\/stategroupintl.com\/index.php\/wp-json\/wp\/v2\/product_tag?post=675"}],"curies":[{"name":"wp","href":"https:\/\/api.w.org\/{rel}","templated":true}]}}